{"id":310,"date":"2016-05-23T15:27:31","date_gmt":"2016-05-23T14:27:31","guid":{"rendered":"http:\/\/aku.co\/temp\/disainikaart\/et\/?page_id=310"},"modified":"2022-03-01T14:49:11","modified_gmt":"2022-03-01T14:49:11","slug":"kaardist","status":"publish","type":"page","link":"http:\/\/tallinn.design\/et\/kaardist\/","title":{"rendered":"Kaardist"},"content":{"rendered":"<h3>TALLINNA DISAINIKAART<\/h3>\n<p>&nbsp;<\/p>\n<p>Tallinna Disainikaart on nii turistid kui tallinlased hea Eesti disaini juurde juhatanud juba \u00fcheksa aastat ning on n\u00fc\u00fcdsest lisaks paberkaardile ka ekraaniversioonis.\u00a0Tallinna Disainikaart koondab kohad, kust leiab head Eesti disaini, seda nii Eesti disainiga sisustatud kohvikutest ja restoranidest, disaini eksponeerivatest muuseumidest ja galeriidest, disainipoodidest ning p\u00f5nevatest linnakeskkondadest.<\/p>\n<p><strong>Koostajad:<\/strong> Maris Takk, Kai Lobjakas<br \/>\n<strong>T\u00f5lkijad:<\/strong>\u00a0Carina Adolfsson,\u00a0Sanna Immanen, Marcus Hildebrandt, Abdul Turay, Premium T\u00f5lkeb\u00fcroo, Widemanni T\u00f5lkeb\u00fcroo, Luisa T\u00f5lkeb\u00fcroo<\/p>\n<p><strong>Disain:<\/strong> <a href=\"http:\/\/aku.co\">aku.co<\/a><br \/>\n<strong>Kirjat\u00fc\u00fcp:<\/strong> Beausite Classic fatype.com<br \/>\n<strong>Fotograafid:<\/strong> Anu Vahtra, Meeli K\u00fcttim, Terje Ugandi, Priit Grepp, Virge Viertek, Kalle Veesaar<\/p>\n<p><strong>Andis v\u00e4lja:<a href=\"https:\/\/disainikeskus.ee\">\u00a0<\/a><\/strong><a href=\"https:\/\/disainikeskus.ee\" target=\"_blank\" rel=\"noopener\">Eesti Disainikeskus<\/a><\/p>\n","protected":false},"excerpt":{"rendered":"<p>TALLINNA DISAINIKAART &nbsp; Tallinna Disainikaart on nii turistid kui tallinlased hea Eesti disaini juurde juhatanud juba \u00fcheksa aastat ning on n\u00fc\u00fcdsest lisaks paberkaardile ka ekraaniversioonis.\u00a0Tallinna Disainikaart koondab kohad, kust leiab head Eesti disaini, seda nii Eesti disainiga sisustatud kohvikutest ja restoranidest, disaini eksponeerivatest muuseumidest ja galeriidest, disainipoodidest ning p\u00f5nevatest linnakeskkondadest. Koostajad: Maris Takk, Kai Lobjakas &hellip; <a href=\"http:\/\/tallinn.design\/et\/kaardist\/\">Continued<\/a><\/p>\n","protected":false},"author":7,"featured_media":0,"parent":0,"menu_order":0,"comment_status":"closed","ping_status":"closed","template":"template-about.php","meta":{"_acf_changed":false,"footnotes":""},"class_list":["post-310","page","type-page","status-publish","hentry"],"better_featured_image":null,"acf":{"logos":[{"ID":299,"id":299,"title":"disainikeskus-logo","filename":"disainikeskus-logo.svg","filesize":9370,"url":"http:\/\/tallinn.design\/wp-content\/uploads\/2016\/05\/disainikeskus-logo.svg","link":"http:\/\/tallinn.design\/about\/disainikeskus-logo\/","alt":"","author":"7","description":"","caption":"","name":"disainikeskus-logo","status":"inherit","uploaded_to":51,"date":"2016-05-23 07:53:22","modified":"2016-05-23 07:53:22","menu_order":0,"mime_type":"image\/svg+xml","type":"image","subtype":"svg+xml","icon":"http:\/\/tallinn.design\/wp-includes\/images\/media\/default.png","width":0,"height":0,"sizes":{"thumbnail":"http:\/\/tallinn.design\/wp-content\/uploads\/2016\/05\/disainikeskus-logo.svg","thumbnail-width":1,"thumbnail-height":1,"medium":"http:\/\/tallinn.design\/wp-content\/uploads\/2016\/05\/disainikeskus-logo.svg","medium-width":1,"medium-height":1,"medium_large":"http:\/\/tallinn.design\/wp-content\/uploads\/2016\/05\/disainikeskus-logo.svg","medium_large-width":1,"medium_large-height":1,"large":"http:\/\/tallinn.design\/wp-content\/uploads\/2016\/05\/disainikeskus-logo.svg","large-width":1,"large-height":1,"1536x1536":"http:\/\/tallinn.design\/wp-content\/uploads\/2016\/05\/disainikeskus-logo.svg","1536x1536-width":1,"1536x1536-height":1,"2048x2048":"http:\/\/tallinn.design\/wp-content\/uploads\/2016\/05\/disainikeskus-logo.svg","2048x2048-width":1,"2048x2048-height":1}},{"ID":301,"id":301,"title":"kulka_logo","filename":"kulka_logo.svg","filesize":73149,"url":"http:\/\/tallinn.design\/wp-content\/uploads\/2016\/05\/kulka_logo.svg","link":"http:\/\/tallinn.design\/about\/kulka_logo\/","alt":"","author":"7","description":"","caption":"","name":"kulka_logo","status":"inherit","uploaded_to":51,"date":"2016-05-23 07:53:22","modified":"2016-05-23 07:53:22","menu_order":0,"mime_type":"image\/svg+xml","type":"image","subtype":"svg+xml","icon":"http:\/\/tallinn.design\/wp-includes\/images\/media\/default.png","width":0,"height":0,"sizes":{"thumbnail":"http:\/\/tallinn.design\/wp-content\/uploads\/2016\/05\/kulka_logo.svg","thumbnail-width":1,"thumbnail-height":1,"medium":"http:\/\/tallinn.design\/wp-content\/uploads\/2016\/05\/kulka_logo.svg","medium-width":1,"medium-height":1,"medium_large":"http:\/\/tallinn.design\/wp-content\/uploads\/2016\/05\/kulka_logo.svg","medium_large-width":1,"medium_large-height":1,"large":"http:\/\/tallinn.design\/wp-content\/uploads\/2016\/05\/kulka_logo.svg","large-width":1,"large-height":1,"1536x1536":"http:\/\/tallinn.design\/wp-content\/uploads\/2016\/05\/kulka_logo.svg","1536x1536-width":1,"1536x1536-height":1,"2048x2048":"http:\/\/tallinn.design\/wp-content\/uploads\/2016\/05\/kulka_logo.svg","2048x2048-width":1,"2048x2048-height":1}},{"ID":302,"id":302,"title":"regio-logo","filename":"regio-logo.svg","filesize":1596,"url":"http:\/\/tallinn.design\/wp-content\/uploads\/2016\/05\/regio-logo.svg","link":"http:\/\/tallinn.design\/about\/regio-logo\/","alt":"","author":"7","description":"","caption":"","name":"regio-logo","status":"inherit","uploaded_to":51,"date":"2016-05-23 07:53:23","modified":"2016-05-23 07:53:23","menu_order":0,"mime_type":"image\/svg+xml","type":"image","subtype":"svg+xml","icon":"http:\/\/tallinn.design\/wp-includes\/images\/media\/default.png","width":0,"height":0,"sizes":{"thumbnail":"http:\/\/tallinn.design\/wp-content\/uploads\/2016\/05\/regio-logo.svg","thumbnail-width":1,"thumbnail-height":1,"medium":"http:\/\/tallinn.design\/wp-content\/uploads\/2016\/05\/regio-logo.svg","medium-width":1,"medium-height":1,"medium_large":"http:\/\/tallinn.design\/wp-content\/uploads\/2016\/05\/regio-logo.svg","medium_large-width":1,"medium_large-height":1,"large":"http:\/\/tallinn.design\/wp-content\/uploads\/2016\/05\/regio-logo.svg","large-width":1,"large-height":1,"1536x1536":"http:\/\/tallinn.design\/wp-content\/uploads\/2016\/05\/regio-logo.svg","1536x1536-width":1,"1536x1536-height":1,"2048x2048":"http:\/\/tallinn.design\/wp-content\/uploads\/2016\/05\/regio-logo.svg","2048x2048-width":1,"2048x2048-height":1}},{"ID":303,"id":303,"title":"visit-tallinn_logo","filename":"visit-tallinn_logo.svg","filesize":3297,"url":"http:\/\/tallinn.design\/wp-content\/uploads\/2016\/05\/visit-tallinn_logo.svg","link":"http:\/\/tallinn.design\/about\/visit-tallinn_logo\/","alt":"","author":"7","description":"","caption":"","name":"visit-tallinn_logo","status":"inherit","uploaded_to":51,"date":"2016-05-23 07:53:23","modified":"2016-05-23 07:53:23","menu_order":0,"mime_type":"image\/svg+xml","type":"image","subtype":"svg+xml","icon":"http:\/\/tallinn.design\/wp-includes\/images\/media\/default.png","width":0,"height":0,"sizes":{"thumbnail":"http:\/\/tallinn.design\/wp-content\/uploads\/2016\/05\/visit-tallinn_logo.svg","thumbnail-width":1,"thumbnail-height":1,"medium":"http:\/\/tallinn.design\/wp-content\/uploads\/2016\/05\/visit-tallinn_logo.svg","medium-width":1,"medium-height":1,"medium_large":"http:\/\/tallinn.design\/wp-content\/uploads\/2016\/05\/visit-tallinn_logo.svg","medium_large-width":1,"medium_large-height":1,"large":"http:\/\/tallinn.design\/wp-content\/uploads\/2016\/05\/visit-tallinn_logo.svg","large-width":1,"large-height":1,"1536x1536":"http:\/\/tallinn.design\/wp-content\/uploads\/2016\/05\/visit-tallinn_logo.svg","1536x1536-width":1,"1536x1536-height":1,"2048x2048":"http:\/\/tallinn.design\/wp-content\/uploads\/2016\/05\/visit-tallinn_logo.svg","2048x2048-width":1,"2048x2048-height":1}},{"ID":300,"id":300,"title":"ettevotlusamet-logo","filename":"ettevotlusamet-logo.svg","filesize":4900,"url":"http:\/\/tallinn.design\/wp-content\/uploads\/2016\/05\/ettevotlusamet-logo.svg","link":"http:\/\/tallinn.design\/about\/ettevotlusamet-logo\/","alt":"","author":"7","description":"","caption":"","name":"ettevotlusamet-logo","status":"inherit","uploaded_to":51,"date":"2016-05-23 07:53:22","modified":"2016-05-23 07:53:22","menu_order":0,"mime_type":"image\/svg+xml","type":"image","subtype":"svg+xml","icon":"http:\/\/tallinn.design\/wp-includes\/images\/media\/default.png","width":0,"height":0,"sizes":{"thumbnail":"http:\/\/tallinn.design\/wp-content\/uploads\/2016\/05\/ettevotlusamet-logo.svg","thumbnail-width":1,"thumbnail-height":1,"medium":"http:\/\/tallinn.design\/wp-content\/uploads\/2016\/05\/ettevotlusamet-logo.svg","medium-width":1,"medium-height":1,"medium_large":"http:\/\/tallinn.design\/wp-content\/uploads\/2016\/05\/ettevotlusamet-logo.svg","medium_large-width":1,"medium_large-height":1,"large":"http:\/\/tallinn.design\/wp-content\/uploads\/2016\/05\/ettevotlusamet-logo.svg","large-width":1,"large-height":1,"1536x1536":"http:\/\/tallinn.design\/wp-content\/uploads\/2016\/05\/ettevotlusamet-logo.svg","1536x1536-width":1,"1536x1536-height":1,"2048x2048":"http:\/\/tallinn.design\/wp-content\/uploads\/2016\/05\/ettevotlusamet-logo.svg","2048x2048-width":1,"2048x2048-height":1}}],"location":false},"_links":{"self":[{"href":"http:\/\/tallinn.design\/wp-json\/wp\/v2\/pages\/310","targetHints":{"allow":["GET"]}}],"collection":[{"href":"http:\/\/tallinn.design\/wp-json\/wp\/v2\/pages"}],"about":[{"href":"http:\/\/tallinn.design\/wp-json\/wp\/v2\/types\/page"}],"author":[{"embeddable":true,"href":"http:\/\/tallinn.design\/wp-json\/wp\/v2\/users\/7"}],"replies":[{"embeddable":true,"href":"http:\/\/tallinn.design\/wp-json\/wp\/v2\/comments?post=310"}],"version-history":[{"count":8,"href":"http:\/\/tallinn.design\/wp-json\/wp\/v2\/pages\/310\/revisions"}],"predecessor-version":[{"id":1141,"href":"http:\/\/tallinn.design\/wp-json\/wp\/v2\/pages\/310\/revisions\/1141"}],"wp:attachment":[{"href":"http:\/\/tallinn.design\/wp-json\/wp\/v2\/media?parent=310"}],"curies":[{"name":"wp","href":"https:\/\/api.w.org\/{rel}","templated":true}]}}